{"id":2,"date":"2013-02-07T18:57:50","date_gmt":"2013-02-07T18:57:50","guid":{"rendered":"http:\/\/www.gm-games.de\/BeidlNetV3\/?page_id=2"},"modified":"2022-10-09T17:10:49","modified_gmt":"2022-10-09T15:10:49","slug":"beispiel-seite","status":"publish","type":"page","link":"http:\/\/www.gm-games.de\/BeidlNetV3\/?page_id=2","title":{"rendered":"Die Ortschaft"},"content":{"rendered":"<p style=\"text-align: center;\"><img decoding=\"async\" alt=\"Beidl Sulzteichstein Quelle J\u00e4ger Stefan\" src=\"http:\/\/www.gm-games.de\/BeidlNetV3\/pics\/BeidlAloisBild.jpg\"><br \/>\n<em><strong>Sulzteichstein, als Wahrzeichen der Ortschaft Beidl<\/strong><\/em><\/p>\n<p>Als Ortsteil der Marktgemeinde Pl\u00f6\u00dfberg liegt Beidl nahe der B15 Abzweigung Sch\u00f6nficht. Erstmals im 9. Jahrhundert erw\u00e4hnt ist Beidl, das vom altslawischen \u201ebydlo\u201c (= Wohnsitz) ableitet, bereits \u00fcber 1000 Jahre alt und&nbsp;ist somit eines der \u00e4ltesten Siedlungen und Pfarreien des Lankreis Tirschenreuth.&nbsp;Zur Tausendjahrfeier&nbsp;der ehemaligen Gemeinde Beidl&nbsp;wurde Pfingsten 1977 eingeladen.In Mitten der kleinen Ortschaft liegt die fr\u00fchere Wallfahrtskirche &#8222;Mari\u00e4 Himmelfahrt&#8220; mit Leonhardikapelle&nbsp;welche im Jahre 1732 fertigestellt wurde. Als&nbsp;Wahrzeichen der Ortschaft gilt der Sulzteichstein.<\/p>\n<p style=\"text-align: center;\"><img decoding=\"async\" alt=\"Beidl aus Richtung Kreuzberg Quelle J\u00e4ger Stefan\" src=\"http:\/\/www.gm-games.de\/BeidlNetV3\/pics\/beidlkreuzberg.jpg\"><\/p>\n","protected":false},"excerpt":{"rendered":"<p>Sulzteichstein, als Wahrzeichen der Ortschaft Beidl Als Ortsteil der Marktgemeinde Pl\u00f6\u00dfberg liegt Beidl nahe der B15 Abzweigung Sch\u00f6nficht. Erstmals im 9. Jahrhundert erw\u00e4hnt ist Beidl, &hellip;<\/p>\n","protected":false},"author":1,"featured_media":14,"parent":0,"menu_order":0,"comment_status":"closed","ping_status":"open","template":"plus-templates\/template-fullwidth.php","meta":{"ngg_post_thumbnail":0,"footnotes":""},"class_list":["post-2","page","type-page","status-publish","has-post-thumbnail","hentry"],"_links":{"self":[{"href":"http:\/\/www.gm-games.de\/BeidlNetV3\/index.php?rest_route=\/wp\/v2\/pages\/2","targetHints":{"allow":["GET"]}}],"collection":[{"href":"http:\/\/www.gm-games.de\/BeidlNetV3\/index.php?rest_route=\/wp\/v2\/pages"}],"about":[{"href":"http:\/\/www.gm-games.de\/BeidlNetV3\/index.php?rest_route=\/wp\/v2\/types\/page"}],"author":[{"embeddable":true,"href":"http:\/\/www.gm-games.de\/BeidlNetV3\/index.php?rest_route=\/wp\/v2\/users\/1"}],"replies":[{"embeddable":true,"href":"http:\/\/www.gm-games.de\/BeidlNetV3\/index.php?rest_route=%2Fwp%2Fv2%2Fcomments&post=2"}],"version-history":[{"count":16,"href":"http:\/\/www.gm-games.de\/BeidlNetV3\/index.php?rest_route=\/wp\/v2\/pages\/2\/revisions"}],"predecessor-version":[{"id":4227,"href":"http:\/\/www.gm-games.de\/BeidlNetV3\/index.php?rest_route=\/wp\/v2\/pages\/2\/revisions\/4227"}],"wp:featuredmedia":[{"embeddable":true,"href":"http:\/\/www.gm-games.de\/BeidlNetV3\/index.php?rest_route=\/wp\/v2\/media\/14"}],"wp:attachment":[{"href":"http:\/\/www.gm-games.de\/BeidlNetV3\/index.php?rest_route=%2Fwp%2Fv2%2Fmedia&parent=2"}],"curies":[{"name":"wp","href":"https:\/\/api.w.org\/{rel}","templated":true}]}}