{"id":21,"date":"2013-02-08T14:19:27","date_gmt":"2013-02-08T12:19:27","guid":{"rendered":"http:\/\/www.gm-games.de\/BeidlNetV3\/?page_id=21"},"modified":"2025-05-30T12:51:07","modified_gmt":"2025-05-30T10:51:07","slug":"ffw-beidl","status":"publish","type":"page","link":"http:\/\/www.gm-games.de\/BeidlNetV3\/?page_id=21","title":{"rendered":"FFW Beidl"},"content":{"rendered":"\n<figure class=\"wp-block-embed is-type-video is-provider-tiktok wp-block-embed-tiktok\"><div class=\"wp-block-embed__wrapper\">\n<blockquote class=\"tiktok-embed\" cite=\"https:\/\/www.tiktok.com\/@festdamen.ffwbeidl.2026\/video\/7507330482284088598\" data-video-id=\"7507330482284088598\" data-embed-from=\"oembed\" style=\"max-width:605px; min-width:325px;\"> <section> <a target=\"_blank\" title=\"@festdamen.ffwbeidl.2026\" href=\"https:\/\/www.tiktok.com\/@festdamen.ffwbeidl.2026?refer=embed\">@festdamen.ffwbeidl.2026<\/a> <p>N\u00e4chstes Jahr sind wir p\u00fcnktlich\u2026\ud83e\udd19\ud83c\udffb <a title=\"festdamen\" target=\"_blank\" href=\"https:\/\/www.tiktok.com\/tag\/festdamen?refer=embed\">#festdamen<\/a> <a title=\"ffwbeidl\" target=\"_blank\" href=\"https:\/\/www.tiktok.com\/tag\/ffwbeidl?refer=embed\">#ffwbeidl<\/a> <a title=\"kummafbeidltrinkaseidl\" target=\"_blank\" href=\"https:\/\/www.tiktok.com\/tag\/kummafbeidltrinkaseidl?refer=embed\">#kummafbeidltrinkaseidl<\/a> <a title=\"feuerwehr\" target=\"_blank\" href=\"https:\/\/www.tiktok.com\/tag\/feuerwehr?refer=embed\">#feuerwehr<\/a> <a title=\"1yeartogo\" target=\"_blank\" href=\"https:\/\/www.tiktok.com\/tag\/1yeartogo?refer=embed\">#1yeartogo<\/a> <a title=\"125jahre\" target=\"_blank\" href=\"https:\/\/www.tiktok.com\/tag\/125jahre?refer=embed\">#125jahre<\/a> <a title=\"fy\" target=\"_blank\" href=\"https:\/\/www.tiktok.com\/tag\/fy?refer=embed\">#fy<\/a> <a title=\"fyp\" target=\"_blank\" href=\"https:\/\/www.tiktok.com\/tag\/fyp?refer=embed\">#fyp<\/a> <a title=\"f\u00fcrdich\" target=\"_blank\" href=\"https:\/\/www.tiktok.com\/tag\/f%C3%BCrdich?refer=embed\">#f\u00fcrdich<\/a> <a title=\"viral\" target=\"_blank\" href=\"https:\/\/www.tiktok.com\/tag\/viral?refer=embed\">#viral<\/a> <\/p> <a target=\"_blank\" title=\"\u266c original sound - Festdamen Beidl\" href=\"https:\/\/www.tiktok.com\/music\/original-sound-7507330461934701334?refer=embed\">\u266c original sound &#8211; Festdamen Beidl<\/a> <\/section> <\/blockquote> <script async src=\"https:\/\/www.tiktok.com\/embed.js\"><\/script>\n<\/div><\/figure>\n\n\n<p><img decoding=\"async\" src=\"http:\/\/www.gm-games.de\/BeidlNetV3\/pics\/geschichte.png\" alt=\"Fahrzeug\"><\/p>\n<p><span style=\"font-size: small;\"><strong><span style=\"font-size: small;\">Geschichte bis&nbsp;1972:<\/span><\/strong><\/span><\/p>\n<p>1901 wurde die Beidler Feuerwehr gegr\u00fcndet. Sie bekam die Spritze der vorher schon bestehenden Pflichtfeuerwehr Beidl &#8211; Sch\u00f6nficht, nachdem man den Sch\u00f6nfichtern ihren Teil ausbezahlt hatte. 1930 erhielt die Feuerwehr eine Motorspritze, die urspr\u00fcnglich f\u00fcr die Marktgemeinde Neuhaus bestimmt war, dort aber nicht angenommen wurde. Die Gemeinde Beidl erhielt sie deshalb zu einem Vorzugspreis von nur 2150 RM (=Reichsmark)<\/p>\n<p><img decoding=\"async\" src=\"http:\/\/www.gm-games.de\/beidlportal\/uploads\/mediapool\/g_ffwbild_30.gif\" alt=\"\">&nbsp;<img decoding=\"async\" src=\"http:\/\/www.gm-games.de\/beidlportal\/uploads\/mediapool\/g_ffwbild_51.gif\" alt=\"\"><\/p>\n<p align=\"justify\"><span style=\"font-size: small;\">1935 wurde das sogenannte alte Feuerwehrhaus gebaut, in dem heute die Viehwaage untergebracht ist. Die Motorspritze, die heute nicht mehr in Betrieb ist, eine TS 8, wurde 1956 angeschafft. Bis in die 60er Jahre hatte man am Rande des Leonhardiplatzes einen hohen Mast, an dem mit einer Seilwinde die Schl\u00e4uche zum Trocknen aufgezogen wurden. Fr\u00fcherwar es auch \u00fcblich, dass zur Alarmierung die gro\u00dfe Kirchenglocke, auf den D\u00f6rfern drau\u00dfen das Gebetsgl\u00f6cklein, gel\u00e4utet wurde. Die Umstellung auf Sirenenalarmierung kam erst 1965.<\/span><\/p>\n<p align=\"justify\"><span style=\"font-size: small;\">1971 wurde dann das neue Feuerwehrhaus gebaut, zum Gro\u00dfteil in Eigenleistung. Im November desselben Jahres konnte die Wehr das neue Feuerwehrauto (bis 2001) in Empfang nehmen. Die offizielle \u00dcbergabe des Feuerwehrhauses und des Autos erfolgt im Juni 1972. Zu diesem Anlass wurde ein Gartenfest abgehalten, das von da an jedes Jahr auf dem Programm der Beidler Wehr stand.<\/span><\/p>\n<p align=\"justify\"><span style=\"font-size: small;\">Zwei Gr\u00fcndungsfeste wurden bisher gefeiert; das 30j\u00e4hrige im Jahr 1930 und das 50j\u00e4hrige an 1952.<\/span><\/p>\n<p align=\"justify\"><strong>Geschichte ab 1972:<\/strong><\/p>\n<p align=\"justify\">Mitte das Jahres 1981 wurde das 80 j\u00e4hrige Gr\u00fcndungsfest begangen. Vom 5.6. bis 8.6. wurde das Jubil\u00e4um gefeiert.1980 schaffte die Gemeinde ein Sirenensteuerger\u00e4t an so das die Beidler Wehr direkt von der Alarmierungsstelle alarmiert werden kann. 1980 wurde dann f\u00fcr das TSF ein Funkger\u00e4t beschafft. Nachdem im Juni 1988 festgestellt worden war , das die Tragkraftspritze nicht mehr die erforderliche Leistung erbrachte, wurde sich um die Anschaffung einer neuen bem\u00fcht. Im Juni 1991 konnte dann die neue Tragkraftspritze in Dienst gestellt werden. Angeschafft wurde eine TS- Ultraleicht von der Fa. Ziegler. Somit hatte die alte TS 8 nach 34 Jahren ausgedient und steht nun auf der Ausstellungsplattform im Treppenhaus des Ger\u00e4tehauses in Beidl.<\/p>\n<p><img decoding=\"async\" class=\"alignleft\" src=\"http:\/\/www.gm-games.de\/beidlportal\/uploads\/mediapool\/geschichte\/b3altffwauto.jpg\" alt=\"\">&nbsp;&nbsp;<img decoding=\"async\" class=\"alignleft\" src=\"http:\/\/www.gm-games.de\/beidlportal\/uploads\/mediapool\/geschichte\/beidl_alt_kiga_einsatzbefehl.jpg\" alt=\"\" height=\"166\"><\/p>\n<p>&nbsp;<\/p>\n<p>&nbsp;<\/p>\n<p>&nbsp;<\/p>\n<p>&nbsp;<\/p>\n<p>Seit Anfang der 90 er Jahre war die Feuerwehr bei den Langlaufmeisterschaften der Kreisfeuerwehr sehr erfolgreich. Dies zeigte sich auch darin das der von Landrat Karl Haberkorn gestiftete Pokal 3 mal durch unsrer Staffel gewonnen wurde. Auch aus dieser Zeit stammen die mittlerweile schon legend\u00e4ren Schifoahrerfeste beim Helm Albert, die auch heute noch stattfinden, obwohl es schon seit vielen Jahren keine Langlaufwettbewerbe mehr stattfinden. Auch 1988 wurde mit den Planungen eines Anbau an das Bestehend Feuerwehrhaus aus dem Jahr 1972 begonnen. Diese Pl\u00e4ne wurden aber bald wieder verworfen als die Vertreter der Regierung der Oberpfalz bei einer Lagebesprechung einen kompletten Neubau ins Spiel brachten. Nun ging es Schlag auf Schlag, \u201e B\u00fcrgermeister Max R\u00f6ckl \u00fcbernahm die Planungen, so das schon am 6.7.1990 nach Abriss des alten Ger\u00e4tehauses der erste Spatenstich erfolgen konnte. Durch eine starke Gemeinschaftsleistung konnte schon am 6.10.1990 die Hebfeier stattfinden und der Rohbau noch vor Wintereinbruch Fertiggestellt werden. Im Rahmen des Neubaus wurden auch die Au\u00dfenanlagen umgestaltet, das ganz alte Ger\u00e4tehaus von 1935 das bis zum Abriss als Viehwageh\u00e4uschen genutzt wurde musst weichen. Am 13.6.1992 konnte das neue Ger\u00e4tehaus dann nach der Segnung seiner Bestimmung \u00fcbergeben werden. Eine kurze Beschreibung der Gegebenheiten des Neubaus, er besteht aus Kellergeschoss, Erdgeschoss und Dachgeschoss. Im Keller sind der Heizraum, ein Lager und zwei Aufenthaltsr\u00e4ume untergebracht, im Erdgeschoss Ist die Fahrzeughalle und eine kleine Werkstatt und im Dachgeschoss sind der Schulungsraum eine Teek\u00fcche und die Toiletten unter gebracht.Im Rahmen der Einweihungsfeiern wurde auch das 90. j\u00e4hrige Gr\u00fcndungsfest gefeiert vom 12.6 bis 14.6. wurde ausgelassen gefeiert.Im Fr\u00fchjahr 1999 begannen die Planungen zur Ersatzbeschaffung des stark in die Jahre gekommenen TSF\u2019s. Die Planungen zogen sich durch das ganze Jahr 1999 und 2000. Doch am 5.12.2000 war es dann so weit der Gemeinderat genehmigte den Neukauf und so konnte das neue Fahrzeug bestellt werden. Am 1.5.2001 war es dann so weit das neue TSF-K wurde von der Fa. Furtner und Ammer aus Landau an der Isar abgeholt und mit einem Festzug durch die Leonhardistra\u00dfe zum Feuerwehrhaus \u00fcberf\u00fchrt. Angef\u00fchrt von der Blaskapelle Gro\u00dfkonnreuth und des Festdamen und den Feuewehrlern wurde zu Ankunft ein z\u00fcnftiges Fest gefeiert. Am 2. Juni wurde bei str\u00f6menden Regen das Einsatzfahrzeug gesegnet. An diesem Pfingstwochenende fand auch das 100 j\u00e4hrige Gr\u00fcndungsfest der Beidler Wehr statt, dass trotz nicht des besten Wetters ( Montag Fr\u00fch 3\u00b0C und Nieselregen) ein riesen Erfolg wurde.<\/p>\n<p><img decoding=\"async\" class=\"alignleft\" src=\"http:\/\/www.gm-games.de\/beidlportal\/uploads\/mediapool\/geschichte\/weiheautoffw.gif\" alt=\"\">&nbsp;&nbsp;<img decoding=\"async\" class=\"alignleft\" src=\"http:\/\/www.gm-games.de\/beidlportal\/uploads\/mediapool\/geschichte\/festeinzug.gif\" alt=\"\"><\/p>\n<p>&nbsp;<\/p>\n<p>&nbsp;<\/p>\n<p>&nbsp;<\/p>\n<p>&nbsp;<\/p>\n<p>Nachdem 2004 das Vereinslokal der Feuerwehr schloss musste man eine neue Unterkunft f\u00fcr die Generalversammlung und den Kameradschaftsabend gefunden werden. In der Generalversammlung am 14.1.2006 wurde aus der Versammlung der Antrag gestellt bei Josef H\u00f6cht anzufragen ob man in seiner Gastwirtschaft ein zu Hause f\u00fcr den Feuerwehrverein finden k\u00f6nne. Josef H\u00f6cht stimmte sofort zu und wenige Monate darauf wurde im Rahmen einer kleine Feier mit Brotzeit und Freibier das Neue Vereinslokal bezogen.2006 wurde gemeinsam mit der Gemeinde ein Stromerzeuger beschafft.<\/p>\n<p>&nbsp;<\/p>\n<p>&nbsp;<\/p>\n<p><em id=\"__mceDel\"><img decoding=\"async\" src=\"http:\/\/www.gm-games.de\/BeidlNetV3\/pics\/dasfahrzeug1.png\" alt=\"Fahrzeug\"><\/em><\/p>\n<p><em id=\"__mceDel\"><span style=\"font-size: small;\">Seit Pfingsten 2001 ist unsere Feuerwehr im Besitz eines neuen Tragkraftspritzenfahrzeug (TSF).<\/span><\/em><\/p>\n<p><em>Funkrufname : Florian Beidl 44\/1<br><\/em><br><span style=\"font-size: small;\"><strong><em>Bilder<\/em><\/strong><\/span><\/p>\n<p align=\"center\"><img loading=\"lazy\" decoding=\"async\" src=\"http:\/\/www.gm-games.de\/beidlportal\/uploads\/mediapool\/auto2.jpg\" alt=\"\" width=\"500\" height=\"302\"><img decoding=\"async\" src=\"http:\/\/www.gm-games.de\/beidlportal\/uploads\/mediapool\/auto.jpg\" alt=\"\"><\/p>\n<p align=\"justify\"><strong><em>Technischer Aufbau<\/em><\/strong><\/p>\n<p align=\"justify\"><span style=\"font-size: small;\">Das TSF wurde fr\u00fcher oft in Form von Kleintransportern realisiert, bei welchen sich die Ausr\u00fcstung zusammen mit der Mannschaft im gleichen Raum befand, was bei einigen&nbsp; Einsatzfahrten sehr gef\u00e4hrlich werden konnte, da sich die Beladung bei harten Bremsungen oft aus ihrer Verankerung l\u00f6ste. Moderne TSF sind aus diesem Grund in der Regel&nbsp; mit einem Kofferaufbau ausgestattet, mit drei oder f\u00fcnf Ger\u00e4ter\u00e4umen. Allerdings sind auch weiterhin neubeschaffte Fahrzeuge ohne abgetrennten Mannschaftsraum bekannt.<\/span><\/p>\n<p align=\"justify\"><span style=\"font-size: small;\">Anders als bei modernen L\u00f6schgruppenfahrzeugen sind bei einem TSF in der Regel aus Platzgr\u00fcnden keine Atemschutzger\u00e4te im Mannschaftsraum untergebracht, da in der Regel handels\u00fcbliche Doppelkabiner genutzt werden. Bei einem TSF, bei dem keine getrennte Mannschaftskabine vorhanden ist, sind bis zu vier Atemschutzger\u00e4te im Sitzbereich des Angriffstrupps vorhanden, diese k\u00f6nnen allerdings nicht w\u00e4hrend der Fahrt angelegt werden.<\/span><\/p>\n<p><em><strong><br><span style=\"font-size: small;\">Feuerwehrtechnische Beladung<\/span><\/strong><\/em><\/p>\n<p align=\"justify\"><span style=\"font-size: small;\">Auf dem TSF befindet sich eine umfangreiche feuerwehrtechnische Beladung zur Brandbek\u00e4mpfung f\u00fcr eine Gruppe. F\u00fcr sehr einfache Technische Hilfeleistungen ist ebenfalls Ausr\u00fcstung wie Brecheisen vorhanden. Die Normbeladung eines TSF besteht unter anderem aus sechs C-Druckschl\u00e4uchen, acht B-Druckschl\u00e4uchen, vier A-Saugschl\u00e4uchen und einer Tragkraftspritze (TS).<br>Weiter Beladung:<\/span><\/p>\n<p><strong><em>Fahrzeugdaten<\/em><\/strong><\/p>\n<blockquote dir=\"ltr\">\n<p dir=\"ltr\" align=\"justify\"><span style=\"font-size: small;\">Besatzung: Staffel (1\/5)<br>Pumpe: eingeschobene Tragkraftspritze<br>Typ: 314 Doka 4&#215;2<br>Hersteller: Mercedes Benz<br>Aufbau: Furthner&nbsp;&amp; Ammer<br>Leistung: 105kw (143PS)<br>Gewicht: 3500kg<br>EZ: 1. Mai 2001<\/span><\/p>\n<\/blockquote>\n<p dir=\"ltr\" align=\"justify\"><strong><em>Besonderheiten<\/em><\/strong><\/p>\n<blockquote dir=\"ltr\">\n<p dir=\"ltr\" align=\"justify\"><span style=\"font-size: small;\">Mobiles&nbsp;<\/span><span style=\"font-size: small;\">Notstromaggregat (Bild 2)<br>mit St\u00e4nder und zwei Lampen<br>Telefunk Handyalarmierung (Bild 3)<\/span><\/p>\n<\/blockquote>\n<p dir=\"ltr\" align=\"center\"><img loading=\"lazy\" decoding=\"async\" src=\"http:\/\/www.gm-games.de\/beidlportal\/uploads\/mediapool\/motor.jpg\" alt=\"\" width=\"289\" height=\"234\">&nbsp;<img loading=\"lazy\" decoding=\"async\" src=\"http:\/\/www.gm-games.de\/beidlportal\/uploads\/mediapool\/notstrom.jpg\" alt=\"\" width=\"188\" height=\"234\">&nbsp;<img loading=\"lazy\" decoding=\"async\" src=\"http:\/\/www.gm-games.de\/beidlportal\/uploads\/mediapool\/telefunk.jpg\" alt=\"\" width=\"292\" height=\"234\"><\/p>\n<p><img decoding=\"async\" src=\"http:\/\/www.gm-games.de\/BeidlNetV3\/pics\/kontaktffw.png\" alt=\"Fahrzeug\"><\/p>","protected":false},"excerpt":{"rendered":"<p>Geschichte bis&nbsp;1972: 1901 wurde die Beidler Feuerwehr gegr\u00fcndet. Sie bekam die Spritze der vorher schon bestehenden Pflichtfeuerwehr Beidl &#8211; Sch\u00f6nficht, nachdem man den Sch\u00f6nfichtern ihren &hellip;<\/p>\n","protected":false},"author":1,"featured_media":0,"parent":20,"menu_order":0,"comment_status":"closed","ping_status":"open","template":"","meta":{"ngg_post_thumbnail":0,"footnotes":""},"class_list":["post-21","page","type-page","status-publish","hentry"],"_links":{"self":[{"href":"http:\/\/www.gm-games.de\/BeidlNetV3\/index.php?rest_route=\/wp\/v2\/pages\/21","targetHints":{"allow":["GET"]}}],"collection":[{"href":"http:\/\/www.gm-games.de\/BeidlNetV3\/index.php?rest_route=\/wp\/v2\/pages"}],"about":[{"href":"http:\/\/www.gm-games.de\/BeidlNetV3\/index.php?rest_route=\/wp\/v2\/types\/page"}],"author":[{"embeddable":true,"href":"http:\/\/www.gm-games.de\/BeidlNetV3\/index.php?rest_route=\/wp\/v2\/users\/1"}],"replies":[{"embeddable":true,"href":"http:\/\/www.gm-games.de\/BeidlNetV3\/index.php?rest_route=%2Fwp%2Fv2%2Fcomments&post=21"}],"version-history":[{"count":15,"href":"http:\/\/www.gm-games.de\/BeidlNetV3\/index.php?rest_route=\/wp\/v2\/pages\/21\/revisions"}],"predecessor-version":[{"id":4166,"href":"http:\/\/www.gm-games.de\/BeidlNetV3\/index.php?rest_route=\/wp\/v2\/pages\/21\/revisions\/4166"}],"up":[{"embeddable":true,"href":"http:\/\/www.gm-games.de\/BeidlNetV3\/index.php?rest_route=\/wp\/v2\/pages\/20"}],"wp:attachment":[{"href":"http:\/\/www.gm-games.de\/BeidlNetV3\/index.php?rest_route=%2Fwp%2Fv2%2Fmedia&parent=21"}],"curies":[{"name":"wp","href":"https:\/\/api.w.org\/{rel}","templated":true}]}}