{"id":4367,"date":"2025-12-30T21:29:11","date_gmt":"2025-12-30T20:29:11","guid":{"rendered":"http:\/\/www.gm-games.de\/BeidlNetV3\/?page_id=4367"},"modified":"2026-03-29T09:32:59","modified_gmt":"2026-03-29T07:32:59","slug":"125-jahre-ffw-beidl-galerie","status":"publish","type":"page","link":"http:\/\/www.gm-games.de\/BeidlNetV3\/?page_id=4367","title":{"rendered":"125 Jahre FFW Beidl: Galerie"},"content":{"rendered":"\n<p class=\"has-larger-font-size\"><strong>Festausschuss<\/strong><\/p>\n\n\n\n<figure class=\"wp-block-gallery has-nested-images columns-default is-cropped wp-block-gallery-1 is-layout-flex wp-block-gallery-is-layout-flex\">\n<figure class=\"wp-block-image size-large\"><a href=\"http:\/\/www.gm-games.de\/BeidlNetV3\/wp-content\/uploads\/2026\/01\/A7401565-scaled.jpg\"><img loading=\"lazy\" decoding=\"async\" width=\"1024\" height=\"683\" data-id=\"4505\" src=\"http:\/\/www.gm-games.de\/BeidlNetV3\/wp-content\/uploads\/2026\/01\/A7401565-1024x683.jpg\" alt=\"\" class=\"wp-image-4505\" srcset=\"http:\/\/www.gm-games.de\/BeidlNetV3\/wp-content\/uploads\/2026\/01\/A7401565-1024x683.jpg 1024w, http:\/\/www.gm-games.de\/BeidlNetV3\/wp-content\/uploads\/2026\/01\/A7401565-300x200.jpg 300w, http:\/\/www.gm-games.de\/BeidlNetV3\/wp-content\/uploads\/2026\/01\/A7401565-768x512.jpg 768w, http:\/\/www.gm-games.de\/BeidlNetV3\/wp-content\/uploads\/2026\/01\/A7401565-1536x1024.jpg 1536w, http:\/\/www.gm-games.de\/BeidlNetV3\/wp-content\/uploads\/2026\/01\/A7401565-2048x1365.jpg 2048w, http:\/\/www.gm-games.de\/BeidlNetV3\/wp-content\/uploads\/2026\/01\/A7401565-421x281.jpg 421w\" sizes=\"auto, (max-width: 1024px) 100vw, 1024px\" \/><\/a><figcaption class=\"wp-element-caption\">Festausschuss<\/figcaption><\/figure>\n<\/figure>\n\n\n\n<p>Von links nach rechts:&nbsp;<\/p>\n\n\n\n<p>Hubert Schw\u00e4gerl, Johannes Wein, Sebastian Lindner&nbsp;(Kassier), Robert&nbsp;Tri\u00dfl, Thomas Richtmann, Nicole Fischer, Christian Kulzer, Helmut Wildgans, Sebastian Schw\u00e4gerl&nbsp;(1.Kommandant), David Sch\u00f6n&nbsp;(Schriftf\u00fchrer),&nbsp;&nbsp;Florian&nbsp;Kraus,&nbsp;(2.Kommandant)&nbsp;Michael Vollath&nbsp;(Festleiter), Felix Richtmann, Florian Adam&nbsp;(1.Vorstand), Alena Sch\u00f6n, Markus Ziegler, Alfons&nbsp;Glei\u00dfner&nbsp;(2.Vorstand), Michael Schw\u00e4gerl, Alois Bauer.&nbsp;<\/p>\n\n\n\n<div style=\"height:27px\" aria-hidden=\"true\" class=\"wp-block-spacer\"><\/div>\n\n\n\n<p class=\"has-larger-font-size\"><strong>Aktive Wehr<\/strong><\/p>\n\n\n\n<figure class=\"wp-block-image size-large\"><a href=\"http:\/\/www.gm-games.de\/BeidlNetV3\/wp-content\/uploads\/2026\/03\/Aktive-Wehr-1-scaled.jpg\"><img loading=\"lazy\" decoding=\"async\" width=\"1024\" height=\"683\" src=\"http:\/\/www.gm-games.de\/BeidlNetV3\/wp-content\/uploads\/2026\/03\/Aktive-Wehr-1-1024x683.jpg\" alt=\"\" class=\"wp-image-4765\" srcset=\"http:\/\/www.gm-games.de\/BeidlNetV3\/wp-content\/uploads\/2026\/03\/Aktive-Wehr-1-1024x683.jpg 1024w, http:\/\/www.gm-games.de\/BeidlNetV3\/wp-content\/uploads\/2026\/03\/Aktive-Wehr-1-300x200.jpg 300w, http:\/\/www.gm-games.de\/BeidlNetV3\/wp-content\/uploads\/2026\/03\/Aktive-Wehr-1-768x512.jpg 768w, http:\/\/www.gm-games.de\/BeidlNetV3\/wp-content\/uploads\/2026\/03\/Aktive-Wehr-1-1536x1024.jpg 1536w, http:\/\/www.gm-games.de\/BeidlNetV3\/wp-content\/uploads\/2026\/03\/Aktive-Wehr-1-2048x1365.jpg 2048w, http:\/\/www.gm-games.de\/BeidlNetV3\/wp-content\/uploads\/2026\/03\/Aktive-Wehr-1-421x281.jpg 421w\" sizes=\"auto, (max-width: 1024px) 100vw, 1024px\" \/><\/a><\/figure>\n\n\n\n<p>Oberste Reihe: Thomas Richtmann, Felix Richtmann, Michael Lindner, Christian Kulzer, Micheal Schw\u00e4gerl, Markus Schw\u00e4gerl, Siegmund Kulzer, Klaus Tri\u00dfl, Peter Preisinger, Josef H\u00f6cht, Bernhard Kost,<\/p>\n\n\n\n<p>2.Reihe von oben: Sebastian Lindner (Kassier), Stefan Franz, Christian Dietz, David Sch\u00f6n (Schriftf\u00fchrer) Markus Dietz, G\u00fcnter Bauer, Thomas Bock, Wendelin Glei\u00dfner, Eduard Helm, Tobias Dietz, Wolfgang J\u00e4ger,<\/p>\n\n\n\n<p>3.Reihe von oben: Johann Wein (Jugend..), Lukas Bauer (Fahnenjunker), Marius Gerber, Hubert Schw\u00e4gerl, Robert Tri\u00dfl, Helmut Wildgans, Daniel Klienert, Florian Adam (1. Vorstand), Alfons Glei\u00dfner (2.Vorstand), Sebastian Schw\u00e4gerl (1.Kommandant), Florian Kraus (2.Kommandant), Adalbert Mark, Thomas Adam, G\u00fcnter Gerber, Simon Lindner, Michael Vollath (Festleiter, Ehrenkommandant), Alois Bauer (Ehrenkommandant, Ph\u00f6nix Wittmann.<\/p>\n\n\n\n<p>Sitzend: Maria Adam, Nicole Klinnert, Anna Lindner, Susanna Lindner, Veronika Kost, Anja Kulzer, Alena Sch\u00f6n (Festbraut), Laura Grillmeier, Katharina Kost, Franziska Adam, Marie Glei\u00dfner, Ida Wein, Magdalena Glei\u00dfner, Anna Senfft, Julia Glei\u00dfner, Kerstin Ziegler, Eva-Maria Gerber<\/p>\n\n\n\n<div style=\"height:27px\" aria-hidden=\"true\" class=\"wp-block-spacer\"><\/div>\n\n\n\n<p class=\"has-larger-font-size\"><strong>Jugendfeuerwehr<\/strong><\/p>\n\n\n\n<figure class=\"wp-block-image size-large\"><a href=\"http:\/\/www.gm-games.de\/BeidlNetV3\/wp-content\/uploads\/2026\/03\/Jugendfeuerwehr-A7401584-1-scaled.jpg\"><img loading=\"lazy\" decoding=\"async\" width=\"1024\" height=\"683\" src=\"http:\/\/www.gm-games.de\/BeidlNetV3\/wp-content\/uploads\/2026\/03\/Jugendfeuerwehr-A7401584-1-1024x683.jpg\" alt=\"\" class=\"wp-image-4767\" srcset=\"http:\/\/www.gm-games.de\/BeidlNetV3\/wp-content\/uploads\/2026\/03\/Jugendfeuerwehr-A7401584-1-1024x683.jpg 1024w, http:\/\/www.gm-games.de\/BeidlNetV3\/wp-content\/uploads\/2026\/03\/Jugendfeuerwehr-A7401584-1-300x200.jpg 300w, http:\/\/www.gm-games.de\/BeidlNetV3\/wp-content\/uploads\/2026\/03\/Jugendfeuerwehr-A7401584-1-768x512.jpg 768w, http:\/\/www.gm-games.de\/BeidlNetV3\/wp-content\/uploads\/2026\/03\/Jugendfeuerwehr-A7401584-1-1536x1024.jpg 1536w, http:\/\/www.gm-games.de\/BeidlNetV3\/wp-content\/uploads\/2026\/03\/Jugendfeuerwehr-A7401584-1-2048x1365.jpg 2048w, http:\/\/www.gm-games.de\/BeidlNetV3\/wp-content\/uploads\/2026\/03\/Jugendfeuerwehr-A7401584-1-421x281.jpg 421w\" sizes=\"auto, (max-width: 1024px) 100vw, 1024px\" \/><\/a><\/figure>\n\n\n\n<p>Hinteren Reihe: Markus Ziegler (Jugendwart), Michael Lindner, Benedikt Wildgans, Florian Wildgans, Sofie Glei\u00dfner, Paul Glei\u00dfner, Johannes Wein (Jugendsprecher) <\/p>\n\n\n\n<p>Vorderen Reihe: Tom Schwarzer, Leonhard Wildgans, Philipp Sch\u00f6n, Emily Gr\u00fcner, Karolina Beer, Magdalena Glei\u00dfner, Veronika Beer<\/p>\n\n\n\n<p class=\"has-larger-font-size\"><strong>Festdamen<\/strong><\/p>\n\n\n\nngg_shortcode_0_placeholder\n\n\n\n<div style=\"height:27px\" aria-hidden=\"true\" class=\"wp-block-spacer\"><\/div>\n\n\n\n<p class=\"has-larger-font-size\"><strong>Luftaufnahmen<\/strong><\/p>\n\n\n\nngg_shortcode_1_placeholder\n\n\n\n<div style=\"height:27px\" aria-hidden=\"true\" class=\"wp-block-spacer\"><\/div>\n\n\n\n<p class=\"has-larger-font-size\"><strong>Leonhardiritt 2008<\/strong><\/p>\n\n\n\nngg_shortcode_2_placeholder\n\n\n\n<p class=\"has-larger-font-size\"><\/p>\n","protected":false},"excerpt":{"rendered":"<p>Festausschuss Von links nach rechts:&nbsp; Hubert Schw\u00e4gerl, Johannes Wein, Sebastian Lindner&nbsp;(Kassier), Robert&nbsp;Tri\u00dfl, Thomas Richtmann, Nicole Fischer, Christian Kulzer, Helmut Wildgans, Sebastian Schw\u00e4gerl&nbsp;(1.Kommandant), David Sch\u00f6n&nbsp;(Schriftf\u00fchrer),&nbsp;&nbsp;Florian&nbsp;Kraus,&nbsp;(2.Kommandant)&nbsp;Michael Vollath&nbsp;(Festleiter), &hellip;<\/p>\n","protected":false},"author":7,"featured_media":0,"parent":0,"menu_order":0,"comment_status":"closed","ping_status":"closed","template":"","meta":{"ngg_post_thumbnail":0,"footnotes":""},"class_list":["post-4367","page","type-page","status-publish","hentry"],"_links":{"self":[{"href":"http:\/\/www.gm-games.de\/BeidlNetV3\/index.php?rest_route=\/wp\/v2\/pages\/4367","targetHints":{"allow":["GET"]}}],"collection":[{"href":"http:\/\/www.gm-games.de\/BeidlNetV3\/index.php?rest_route=\/wp\/v2\/pages"}],"about":[{"href":"http:\/\/www.gm-games.de\/BeidlNetV3\/index.php?rest_route=\/wp\/v2\/types\/page"}],"author":[{"embeddable":true,"href":"http:\/\/www.gm-games.de\/BeidlNetV3\/index.php?rest_route=\/wp\/v2\/users\/7"}],"replies":[{"embeddable":true,"href":"http:\/\/www.gm-games.de\/BeidlNetV3\/index.php?rest_route=%2Fwp%2Fv2%2Fcomments&post=4367"}],"version-history":[{"count":17,"href":"http:\/\/www.gm-games.de\/BeidlNetV3\/index.php?rest_route=\/wp\/v2\/pages\/4367\/revisions"}],"predecessor-version":[{"id":4810,"href":"http:\/\/www.gm-games.de\/BeidlNetV3\/index.php?rest_route=\/wp\/v2\/pages\/4367\/revisions\/4810"}],"wp:attachment":[{"href":"http:\/\/www.gm-games.de\/BeidlNetV3\/index.php?rest_route=%2Fwp%2Fv2%2Fmedia&parent=4367"}],"curies":[{"name":"wp","href":"https:\/\/api.w.org\/{rel}","templated":true}]}}