{"id":636,"date":"2013-09-18T22:08:21","date_gmt":"2013-09-18T20:08:21","guid":{"rendered":"http:\/\/www.gm-games.de\/BeidlNetV3\/?page_id=636"},"modified":"2022-10-09T21:10:37","modified_gmt":"2022-10-09T19:10:37","slug":"termin-zusenden","status":"publish","type":"page","link":"http:\/\/www.gm-games.de\/BeidlNetV3\/?page_id=636","title":{"rendered":"Termin einsenden"},"content":{"rendered":"<h1><span style=\"color: #008000;\">Bitte geben Sie Ihren Termin ein: <\/span><\/h1>\n<p>Beim Klick auf Absenden erscheint links ein kleines Laderad. Ist dieser wieder verschwunden ist die \u00dcbertragung komplett und sie k\u00f6nnen die Seite verlassen &#8211; ansonsten erscheint eine Fehlermeldung. Innerhalb der n\u00e4chsten 2 Tage wird ihr Termin im Kalender erscheinen.<br \/>\n\n<div class=\"wpcf7 no-js\" id=\"wpcf7-f1207-o1\" lang=\"de-DE\" dir=\"ltr\" data-wpcf7-id=\"1207\">\n<div class=\"screen-reader-response\"><p role=\"status\" aria-live=\"polite\" aria-atomic=\"true\"><\/p> <ul><\/ul><\/div>\n<form action=\"\/BeidlNetV3\/index.php?rest_route=%2Fwp%2Fv2%2Fpages%2F636#wpcf7-f1207-o1\" method=\"post\" class=\"wpcf7-form init\" aria-label=\"Kontaktformular\" novalidate=\"novalidate\" data-status=\"init\">\n<div style=\"display: none;\">\n<input type=\"hidden\" name=\"_wpcf7\" value=\"1207\" \/>\n<input type=\"hidden\" name=\"_wpcf7_version\" value=\"6.0.6\" \/>\n<input type=\"hidden\" name=\"_wpcf7_locale\" value=\"de_DE\" \/>\n<input type=\"hidden\" name=\"_wpcf7_unit_tag\" value=\"wpcf7-f1207-o1\" \/>\n<input type=\"hidden\" name=\"_wpcf7_container_post\" value=\"0\" \/>\n<input type=\"hidden\" name=\"_wpcf7_posted_data_hash\" value=\"\" \/>\n<\/div>\n<p>Dein Name (Pflichtfeld)\n<\/p>\n<p><span class=\"wpcf7-form-control-wrap\" data-name=\"your-name\"><input size=\"40\" maxlength=\"400\" class=\"wpcf7-form-control wpcf7-text wpcf7-validates-as-required\" aria-required=\"true\" aria-invalid=\"false\" value=\"\" type=\"text\" name=\"your-name\" \/><\/span>\n<\/p>\n<p>Deine E-Mail-Adresse (Pflichtfeld)\n<\/p>\n<p><span class=\"wpcf7-form-control-wrap\" data-name=\"your-email\"><input size=\"40\" maxlength=\"400\" class=\"wpcf7-form-control wpcf7-email wpcf7-validates-as-required wpcf7-text wpcf7-validates-as-email\" aria-required=\"true\" aria-invalid=\"false\" value=\"\" type=\"email\" name=\"your-email\" \/><\/span>\n<\/p>\n<p>Titel der Veranstaltung\n<\/p>\n<p><span class=\"wpcf7-form-control-wrap\" data-name=\"your-subject\"><input size=\"40\" maxlength=\"400\" class=\"wpcf7-form-control wpcf7-text\" aria-invalid=\"false\" value=\"\" type=\"text\" name=\"your-subject\" \/><\/span>\n<\/p>\n<p>Datum\n<\/p>\n<p><span class=\"wpcf7-form-control-wrap\" data-name=\"Datum\"><input size=\"40\" maxlength=\"400\" class=\"wpcf7-form-control wpcf7-text wpcf7-validates-as-required\" aria-required=\"true\" aria-invalid=\"false\" value=\"\" type=\"text\" name=\"Datum\" \/><\/span>\n<\/p>\n<p>Uhrzeit\n<\/p>\n<p><span class=\"wpcf7-form-control-wrap\" data-name=\"Uhrzeit\"><input size=\"40\" maxlength=\"400\" class=\"wpcf7-form-control wpcf7-text wpcf7-validates-as-required\" aria-required=\"true\" aria-invalid=\"false\" value=\"\" type=\"text\" name=\"Uhrzeit\" \/><\/span>\n<\/p>\n<p>Veranstaltungsort\n<\/p>\n<p><span class=\"wpcf7-form-control-wrap\" data-name=\"Ort\"><input size=\"40\" maxlength=\"400\" class=\"wpcf7-form-control wpcf7-text wpcf7-validates-as-required\" aria-required=\"true\" aria-invalid=\"false\" value=\"\" type=\"text\" name=\"Ort\" \/><\/span>\n<\/p>\n<p>Verein\n<\/p>\n<p><span class=\"wpcf7-form-control-wrap\" data-name=\"Verein\"><select class=\"wpcf7-form-control wpcf7-select wpcf7-validates-as-required\" aria-required=\"true\" aria-invalid=\"false\" name=\"Verein\"><option value=\"FFW Beidl\">FFW Beidl<\/option><option value=\"OWV Beidl\">OWV Beidl<\/option><option value=\"SRK Beidl\">SRK Beidl<\/option><option value=\"KLJB Beidl\">KLJB Beidl<\/option><option value=\"KDFB Beidl\">KDFB Beidl<\/option><option value=\"Pfarrei Beidl\">Pfarrei Beidl<\/option><option value=\"Einladungen externer Vereine\">Einladungen externer Vereine<\/option><option value=\"\u00d6ffentliche Veranstaltung\">\u00d6ffentliche Veranstaltung<\/option><\/select><\/span>\n<\/p>\n<p>Beschreibung\n<\/p>\n<p><span class=\"wpcf7-form-control-wrap\" data-name=\"your-message\"><textarea cols=\"40\" rows=\"10\" maxlength=\"2000\" class=\"wpcf7-form-control wpcf7-textarea\" aria-invalid=\"false\" name=\"your-message\"><\/textarea><\/span>\n<\/p>\n<p><input class=\"wpcf7-form-control wpcf7-submit has-spinner\" type=\"submit\" value=\"Senden\" \/>\n<\/p><div class=\"wpcf7-response-output\" aria-hidden=\"true\"><\/div>\n<\/form>\n<\/div>\n<p><span style=\"color: #99cc00;\"><a title=\"weiterer Termin\" href=\"http:\/\/www.gm-games.de\/BeidlNetV3\/?page_id=636\"><span style=\"color: #99cc00;\">Nach Absenden f\u00fcr weiteren Termin hier klicken<\/span><\/a><\/span><\/p>\n","protected":false},"excerpt":{"rendered":"<p>Bitte geben Sie Ihren Termin ein: Beim Klick auf Absenden erscheint links ein kleines Laderad. Ist dieser wieder verschwunden ist die \u00dcbertragung komplett und sie &hellip;<\/p>\n","protected":false},"author":1,"featured_media":0,"parent":185,"menu_order":0,"comment_status":"closed","ping_status":"open","template":"","meta":{"ngg_post_thumbnail":0,"footnotes":""},"class_list":["post-636","page","type-page","status-publish","hentry"],"_links":{"self":[{"href":"http:\/\/www.gm-games.de\/BeidlNetV3\/index.php?rest_route=\/wp\/v2\/pages\/636","targetHints":{"allow":["GET"]}}],"collection":[{"href":"http:\/\/www.gm-games.de\/BeidlNetV3\/index.php?rest_route=\/wp\/v2\/pages"}],"about":[{"href":"http:\/\/www.gm-games.de\/BeidlNetV3\/index.php?rest_route=\/wp\/v2\/types\/page"}],"author":[{"embeddable":true,"href":"http:\/\/www.gm-games.de\/BeidlNetV3\/index.php?rest_route=\/wp\/v2\/users\/1"}],"replies":[{"embeddable":true,"href":"http:\/\/www.gm-games.de\/BeidlNetV3\/index.php?rest_route=%2Fwp%2Fv2%2Fcomments&post=636"}],"version-history":[{"count":8,"href":"http:\/\/www.gm-games.de\/BeidlNetV3\/index.php?rest_route=\/wp\/v2\/pages\/636\/revisions"}],"predecessor-version":[{"id":1209,"href":"http:\/\/www.gm-games.de\/BeidlNetV3\/index.php?rest_route=\/wp\/v2\/pages\/636\/revisions\/1209"}],"up":[{"embeddable":true,"href":"http:\/\/www.gm-games.de\/BeidlNetV3\/index.php?rest_route=\/wp\/v2\/pages\/185"}],"wp:attachment":[{"href":"http:\/\/www.gm-games.de\/BeidlNetV3\/index.php?rest_route=%2Fwp%2Fv2%2Fmedia&parent=636"}],"curies":[{"name":"wp","href":"https:\/\/api.w.org\/{rel}","templated":true}]}}