{"id":68,"date":"2013-02-08T17:41:08","date_gmt":"2013-02-08T15:41:08","guid":{"rendered":"http:\/\/www.gm-games.de\/BeidlNetV3\/?page_id=68"},"modified":"2022-10-09T12:40:18","modified_gmt":"2022-10-09T10:40:18","slug":"historische-bilder","status":"publish","type":"page","link":"http:\/\/www.gm-games.de\/BeidlNetV3\/?page_id=68","title":{"rendered":"Historische Bilder"},"content":{"rendered":"<h1><span style=\"color: #008000;\">1000 Jahrfeier der Ortschaft Beidl 1977<\/span><\/h1>\nngg_shortcode_0_placeholder\n<p><span style=\"color: #008000;\"><a title=\"Zur\u00fcck\" href=\"http:\/\/www.gm-games.de\/BeidlNetV3\/?page_id=68\"><span style=\"color: #008000;\">zur\u00fcck<\/span><\/a><\/span><\/p>\n<h1><span style=\"color: #008000;\">Freiwillige Feuerwehr Beidl<\/span><\/h1>\n<h1>ngg_shortcode_1_placeholder<\/h1>\n<p><span style=\"color: #008000;\"><a title=\"Zur\u00fcck\" href=\"http:\/\/www.gm-games.de\/BeidlNetV3\/?page_id=68\"><span style=\"color: #008000;\">zur\u00fcck<\/span><\/a><\/span><\/p>\n<h1><span style=\"color: #008000;\">Katholische Landjugendbewegung Beidl<\/span><\/h1>\nngg_shortcode_2_placeholder\n<p><span style=\"color: #008000;\"><a title=\"Zur\u00fcck\" href=\"http:\/\/www.gm-games.de\/BeidlNetV3\/?page_id=68\"><span style=\"color: #008000;\">zur\u00fcck<\/span><\/a><\/span><\/p>\n<h1><span style=\"color: #008000;\">Einige Bilder aus der Ortschaft von Damals<\/span><\/h1>\n<h1>ngg_shortcode_3_placeholder<\/h1>\n<p><span style=\"color: #008000;\"><a title=\"Zur\u00fcck\" href=\"http:\/\/www.gm-games.de\/BeidlNetV3\/?page_id=68\"><span style=\"color: #008000;\">zur\u00fcck<\/span><\/a><\/span><\/p>\n<h1>&nbsp;<\/h1>\n","protected":false},"excerpt":{"rendered":"<p>1000 Jahrfeier der Ortschaft Beidl 1977 zur\u00fcck Freiwillige Feuerwehr Beidl zur\u00fcck Katholische Landjugendbewegung Beidl zur\u00fcck Einige Bilder aus der Ortschaft von Damals zur\u00fcck &nbsp;<\/p>\n","protected":false},"author":1,"featured_media":0,"parent":2,"menu_order":0,"comment_status":"closed","ping_status":"open","template":"template-fullwidth.php","meta":{"ngg_post_thumbnail":0,"footnotes":""},"class_list":["post-68","page","type-page","status-publish","hentry"],"_links":{"self":[{"href":"http:\/\/www.gm-games.de\/BeidlNetV3\/index.php?rest_route=\/wp\/v2\/pages\/68","targetHints":{"allow":["GET"]}}],"collection":[{"href":"http:\/\/www.gm-games.de\/BeidlNetV3\/index.php?rest_route=\/wp\/v2\/pages"}],"about":[{"href":"http:\/\/www.gm-games.de\/BeidlNetV3\/index.php?rest_route=\/wp\/v2\/types\/page"}],"author":[{"embeddable":true,"href":"http:\/\/www.gm-games.de\/BeidlNetV3\/index.php?rest_route=\/wp\/v2\/users\/1"}],"replies":[{"embeddable":true,"href":"http:\/\/www.gm-games.de\/BeidlNetV3\/index.php?rest_route=%2Fwp%2Fv2%2Fcomments&post=68"}],"version-history":[{"count":29,"href":"http:\/\/www.gm-games.de\/BeidlNetV3\/index.php?rest_route=\/wp\/v2\/pages\/68\/revisions"}],"predecessor-version":[{"id":1395,"href":"http:\/\/www.gm-games.de\/BeidlNetV3\/index.php?rest_route=\/wp\/v2\/pages\/68\/revisions\/1395"}],"up":[{"embeddable":true,"href":"http:\/\/www.gm-games.de\/BeidlNetV3\/index.php?rest_route=\/wp\/v2\/pages\/2"}],"wp:attachment":[{"href":"http:\/\/www.gm-games.de\/BeidlNetV3\/index.php?rest_route=%2Fwp%2Fv2%2Fmedia&parent=68"}],"curies":[{"name":"wp","href":"https:\/\/api.w.org\/{rel}","templated":true}]}}